{"id":7,"date":"2023-12-12T09:11:28","date_gmt":"2023-12-12T12:11:28","guid":{"rendered":"https:\/\/memoriaferroviaria.assis.unesp.br\/colecoes\/?page_id=7"},"modified":"2026-03-21T13:45:56","modified_gmt":"2026-03-21T16:45:56","slug":"front_page","status":"publish","type":"page","link":"https:\/\/memoriaferroviaria.assis.unesp.br\/colecoes\/","title":{"rendered":"In\u00edcio"},"content":{"rendered":"\n<div class=\"wp-block-columns are-vertically-aligned-center is-layout-flex wp-container-core-columns-is-layout-28f84493 wp-block-columns-is-layout-flex\">\n<div class=\"wp-block-column is-vertically-aligned-center is-layout-flow wp-block-column-is-layout-flow\" style=\"flex-basis:100%\">\n<pre class=\"wp-block-preformatted\">Bem-vindos ao nosso acervo! Conhe\u00e7a nossas cole\u00e7\u00f5es clicando em um dos itens abaixo.<\/pre>\n<\/div>\n<\/div>\n\n\n\n<div class=\"wp-block-columns are-vertically-aligned-center is-layout-flex wp-container-core-columns-is-layout-28f84493 wp-block-columns-is-layout-flex\">\n<div class=\"wp-block-column is-vertically-aligned-center is-layout-flow wp-block-column-is-layout-flow\">\n<div class=\"wp-block-columns is-layout-flex wp-container-core-columns-is-layout-28f84493 wp-block-columns-is-layout-flex\">\n<div class=\"wp-block-column is-layout-flow wp-block-column-is-layout-flow\" style=\"flex-basis:100%\">\n<div class=\"wp-block-tainacan-collections-list\" data-module=\"collections-list\"><ul style=\"grid-template-columns:repeat(auto-fill, 220px)\" class=\"collections-list  collections-layout-grid\"><li class=\"collection-list-item\" style=\"margin-bottom:12px\"><button type=\"button\" class=\"components-button has-icon\" aria-label=\"Remover\"><span class=\"dashicon dashicons dashicons-no-alt\"><\/span><\/button><a id=\"collection-id-80\" href=\"https:\/\/memoriaferroviaria.assis.unesp.br\/colecoes\/colecao-audiovisual\/\" class=\" \"><img decoding=\"async\" src=\"https:\/\/memoriaferroviaria.assis.unesp.br\/colecoes\/wp-content\/uploads\/2024\/01\/cropped-IMG_3075-275x275.jpeg\" alt=\"Cole\u00e7\u00e3o Hist\u00f3ria Oral\"\/><span>Cole\u00e7\u00e3o Hist\u00f3ria Oral<\/span><\/a><\/li><\/ul><\/div>\n<\/div>\n<\/div>\n<\/div>\n\n\n\n<div class=\"wp-block-column is-vertically-aligned-center is-layout-flow wp-block-column-is-layout-flow\">\n<div class=\"wp-block-tainacan-collections-list\" data-module=\"collections-list\"><ul style=\"grid-template-columns:repeat(auto-fill, 220px)\" class=\"collections-list  collections-layout-grid\"><li class=\"collection-list-item\" style=\"margin-bottom:12px\"><button type=\"button\" class=\"components-button has-icon\" aria-label=\"Remover\"><span class=\"dashicon dashicons dashicons-no-alt\"><\/span><\/button><a id=\"collection-id-5213\" href=\"https:\/\/memoriaferroviaria.assis.unesp.br\/colecoes\/colecao-textual\/\" class=\" \"><img decoding=\"async\" src=\"https:\/\/memoriaferroviaria.assis.unesp.br\/colecoes\/wp-content\/uploads\/2025\/02\/cropped-Relatorio-da-Estrada-de-Ferro-Sorocabana-1925-275x275.png\" alt=\"Cole\u00e7\u00e3o Textual (Relat\u00f3rios)\"\/><span>Cole\u00e7\u00e3o Textual (Relat\u00f3rios)<\/span><\/a><\/li><\/ul><\/div>\n<\/div>\n\n\n\n<div class=\"wp-block-column is-vertically-aligned-center is-layout-flow wp-block-column-is-layout-flow\">\n<div class=\"wp-block-tainacan-collections-list\" data-module=\"collections-list\"><ul style=\"grid-template-columns:repeat(auto-fill, 220px)\" class=\"collections-list  collections-layout-grid\"><li class=\"collection-list-item\" style=\"margin-bottom:12px\"><button type=\"button\" class=\"components-button has-icon\" aria-label=\"Remover\"><span class=\"dashicon dashicons dashicons-no-alt\"><\/span><\/button><a id=\"collection-id-91\" href=\"https:\/\/memoriaferroviaria.assis.unesp.br\/colecoes\/colecao-cartografica\/\" class=\" \"><img decoding=\"async\" src=\"https:\/\/memoriaferroviaria.assis.unesp.br\/colecoes\/wp-content\/uploads\/2024\/01\/1200px-Mappa_della_Provincia_di_S._Paolo-275x275.jpg\" alt=\"Cole\u00e7\u00e3o Cartogr\u00e1fica\"\/><span>Cole\u00e7\u00e3o Cartogr\u00e1fica<\/span><\/a><\/li><\/ul><\/div>\n<\/div>\n<\/div>\n\n\n\n<div class=\"wp-block-columns are-vertically-aligned-center is-layout-flex wp-container-core-columns-is-layout-28f84493 wp-block-columns-is-layout-flex\">\n<div class=\"wp-block-column is-vertically-aligned-center is-layout-flow wp-block-column-is-layout-flow\">\n<div class=\"wp-block-tainacan-collections-list\" data-module=\"collections-list\"><ul style=\"grid-template-columns:repeat(auto-fill, 220px)\" class=\"collections-list  collections-layout-grid\"><li class=\"collection-list-item\" style=\"margin-bottom:12px\"><button type=\"button\" class=\"components-button has-icon\" aria-label=\"Remover\"><span class=\"dashicon dashicons dashicons-no-alt\"><\/span><\/button><a id=\"collection-id-66\" href=\"https:\/\/memoriaferroviaria.assis.unesp.br\/colecoes\/colecao-iconografica\/\" class=\" \"><img decoding=\"async\" src=\"https:\/\/memoriaferroviaria.assis.unesp.br\/colecoes\/wp-content\/uploads\/tainacan-items\/66\/46581\/cropped-PO-MOGIANA-PASSAGEM-SUPERIOR-001-KM-397-275x275.jpg\" alt=\"Cole\u00e7\u00e3o Iconogr\u00e1fica\"\/><span>Cole\u00e7\u00e3o Iconogr\u00e1fica<\/span><\/a><\/li><\/ul><\/div>\n<\/div>\n\n\n\n<div class=\"wp-block-column is-vertically-aligned-center is-layout-flow wp-block-column-is-layout-flow\">\n<div class=\"wp-block-group is-layout-constrained wp-block-group-is-layout-constrained\">\n<div class=\"wp-block-tainacan-collections-list\" data-module=\"collections-list\"><ul style=\"grid-template-columns:repeat(auto-fill, 220px)\" class=\"collections-list  collections-layout-grid\"><li class=\"collection-list-item\" style=\"margin-bottom:12px\"><button type=\"button\" class=\"components-button has-icon\" aria-label=\"Remover\"><span class=\"dashicon dashicons dashicons-no-alt\"><\/span><\/button><a id=\"collection-id-9388\" href=\"https:\/\/memoriaferroviaria.assis.unesp.br\/colecoes\/colecao-producao-mf\/\" class=\" \"><img decoding=\"async\" src=\"https:\/\/memoriaferroviaria.assis.unesp.br\/colecoes\/wp-content\/uploads\/2025\/02\/Sem-titulo-275x275.png\" alt=\"Cole\u00e7\u00e3o Produ\u00e7\u00e3o MF\"\/><span>Cole\u00e7\u00e3o Produ\u00e7\u00e3o MF<\/span><\/a><\/li><\/ul><\/div>\n<\/div>\n<\/div>\n\n\n\n<div class=\"wp-block-column is-vertically-aligned-center is-layout-flow wp-block-column-is-layout-flow\">\n<div class=\"wp-block-tainacan-collections-list\" data-module=\"collections-list\"><ul style=\"grid-template-columns:repeat(auto-fill, 220px)\" class=\"collections-list  collections-layout-grid\"><li class=\"collection-list-item\" style=\"margin-bottom:12px\"><button type=\"button\" class=\"components-button has-icon\" aria-label=\"Remover\"><span class=\"dashicon dashicons dashicons-no-alt\"><\/span><\/button><a id=\"collection-id-49985\" href=\"https:\/\/memoriaferroviaria.assis.unesp.br\/colecoes\/teste1-2\/\" class=\" \"><img decoding=\"async\" src=\"https:\/\/memoriaferroviaria.assis.unesp.br\/colecoes\/wp-content\/uploads\/2025\/07\/Mapa-Atividades-Industriais-no-Estado-de-Sao-Paulo-275x275.png\" alt=\"Dados de Pesquisa MF\"\/><span>Dados de Pesquisa MF<\/span><\/a><\/li><\/ul><\/div>\n<\/div>\n<\/div>\n\n\n\n<h2 class=\"wp-block-heading\">Contate-nos<\/h2>\n\n\n\n<pre class=\"wp-block-preformatted\">Se desejar mais informa\u00e7\u00f5es ou sugest\u00f5es sobre atividades para o grupo de pesquisa, acesse o <a href=\"https:\/\/memoriaferroviaria.assis.unesp.br\/\" data-type=\"link\" data-id=\"https:\/\/memoriaferroviaria.assis.unesp.br\/\"><strong>portal principal<\/strong><\/a>.<br><br><strong>Endere\u00e7o:<\/strong> Avenida Dom Ant\u00f4nio, 2100 - Assis - S\u00e3o Paulo, Brasil.<br><strong>Email:<\/strong> projetomemoriaferroviaria@gmail.com<\/pre>\n\n\n\n<p><\/p>\n","protected":false},"excerpt":{"rendered":"<p>Bem-vindos ao nosso acervo! Conhe\u00e7a nossas cole\u00e7\u00f5es clicando em um dos itens abaixo. Contate-nos Se desejar mais informa\u00e7\u00f5es ou sugest\u00f5es sobre atividades para o grupo de pesquisa, acesse o portal principal.Endere\u00e7o: Avenida Dom Ant\u00f4nio, 2100 &#8211; Assis &#8211; S\u00e3o Paulo, Brasil.Email: projetomemoriaferroviaria@gmail.com<\/p>\n","protected":false},"author":1,"featured_media":0,"parent":0,"menu_order":0,"comment_status":"closed","ping_status":"closed","template":"","meta":{"footnotes":""},"class_list":["post-7","page","type-page","status-publish","hentry"],"_links":{"self":[{"href":"https:\/\/memoriaferroviaria.assis.unesp.br\/colecoes\/wp-json\/wp\/v2\/pages\/7","targetHints":{"allow":["GET"]}}],"collection":[{"href":"https:\/\/memoriaferroviaria.assis.unesp.br\/colecoes\/wp-json\/wp\/v2\/pages"}],"about":[{"href":"https:\/\/memoriaferroviaria.assis.unesp.br\/colecoes\/wp-json\/wp\/v2\/types\/page"}],"author":[{"embeddable":true,"href":"https:\/\/memoriaferroviaria.assis.unesp.br\/colecoes\/wp-json\/wp\/v2\/users\/1"}],"replies":[{"embeddable":true,"href":"https:\/\/memoriaferroviaria.assis.unesp.br\/colecoes\/wp-json\/wp\/v2\/comments?post=7"}],"version-history":[{"count":75,"href":"https:\/\/memoriaferroviaria.assis.unesp.br\/colecoes\/wp-json\/wp\/v2\/pages\/7\/revisions"}],"predecessor-version":[{"id":51214,"href":"https:\/\/memoriaferroviaria.assis.unesp.br\/colecoes\/wp-json\/wp\/v2\/pages\/7\/revisions\/51214"}],"wp:attachment":[{"href":"https:\/\/memoriaferroviaria.assis.unesp.br\/colecoes\/wp-json\/wp\/v2\/media?parent=7"}],"curies":[{"name":"wp","href":"https:\/\/api.w.org\/{rel}","templated":true}]}}