{"id":1662,"date":"2018-12-23T16:12:06","date_gmt":"2018-12-23T18:12:06","guid":{"rendered":"https:\/\/memoriaferroviaria.rosana.unesp.br\/?page_id=1662"},"modified":"2018-12-23T18:24:27","modified_gmt":"2018-12-23T20:24:27","slug":"interactive-map-2","status":"publish","type":"page","link":"https:\/\/memoriaferroviaria.assis.unesp.br\/?page_id=1662&lang=en","title":{"rendered":"Interactive Map"},"content":{"rendered":"\n<p>In this online map you will find layers of information produced through the PMF surveys and other relevant data. The original layer can be identified, in the title, for example: [PMF] Bens Ferrovi\u00e1rios CONDEPHAAT e [ANTT] Concess\u00f5es Ferrovi\u00e1rias. All the archives are available for download (.kml) and may be used for editing or publication, if the source is cited.<\/p>\n\n\n\n<p>Railway Memory Project (PMF)<\/p>\n\n\n\n<p>Coordinator: Dr. Eduardo<\/p>\n\n\n\n<p>Design: Me. Ewerton Moraes<\/p>\n\n\n\n<figure><iframe src=\"https:\/\/www.google.com\/maps\/d\/embed?mid=1m_lZCmxnkH8tkJM4izneSNSjXTA\" width=\"640\" height=\"480\"><\/iframe><\/figure>\n","protected":false},"excerpt":{"rendered":"<p>In this online map you will find layers of information produced through the PMF surveys and other relevant data. The original layer can be identified, in the title, for example: [PMF] Bens Ferrovi\u00e1rios CONDEPHAAT e [ANTT] Concess\u00f5es Ferrovi\u00e1rias. All the archives are available for download (.kml) and may be used<a class=\"more-link\" href=\"https:\/\/memoriaferroviaria.assis.unesp.br\/?page_id=1662&#038;lang=en\">Read More &rarr;<\/a><\/p>\n","protected":false},"author":2,"featured_media":0,"parent":0,"menu_order":0,"comment_status":"closed","ping_status":"closed","template":"","meta":{"_exactmetrics_skip_tracking":false,"_exactmetrics_sitenote_active":false,"_exactmetrics_sitenote_note":"","_exactmetrics_sitenote_category":0,"footnotes":""},"class_list":["entry","page","publish","author-eduardo_romero","post-1662"],"_links":{"self":[{"href":"https:\/\/memoriaferroviaria.assis.unesp.br\/index.php?rest_route=\/wp\/v2\/pages\/1662","targetHints":{"allow":["GET"]}}],"collection":[{"href":"https:\/\/memoriaferroviaria.assis.unesp.br\/index.php?rest_route=\/wp\/v2\/pages"}],"about":[{"href":"https:\/\/memoriaferroviaria.assis.unesp.br\/index.php?rest_route=\/wp\/v2\/types\/page"}],"author":[{"embeddable":true,"href":"https:\/\/memoriaferroviaria.assis.unesp.br\/index.php?rest_route=\/wp\/v2\/users\/2"}],"replies":[{"embeddable":true,"href":"https:\/\/memoriaferroviaria.assis.unesp.br\/index.php?rest_route=%2Fwp%2Fv2%2Fcomments&post=1662"}],"version-history":[{"count":1,"href":"https:\/\/memoriaferroviaria.assis.unesp.br\/index.php?rest_route=\/wp\/v2\/pages\/1662\/revisions"}],"predecessor-version":[{"id":1663,"href":"https:\/\/memoriaferroviaria.assis.unesp.br\/index.php?rest_route=\/wp\/v2\/pages\/1662\/revisions\/1663"}],"wp:attachment":[{"href":"https:\/\/memoriaferroviaria.assis.unesp.br\/index.php?rest_route=%2Fwp%2Fv2%2Fmedia&parent=1662"}],"curies":[{"name":"wp","href":"https:\/\/api.w.org\/{rel}","templated":true}]}}