{"id":1821,"date":"2018-12-24T10:27:25","date_gmt":"2018-12-24T12:27:25","guid":{"rendered":"https:\/\/memoriaferroviaria.rosana.unesp.br\/?page_id=1821"},"modified":"2018-12-24T10:27:26","modified_gmt":"2018-12-24T12:27:26","slug":"reports-of-the-companhia-sorocabana-1873-1887","status":"publish","type":"page","link":"https:\/\/memoriaferroviaria.assis.unesp.br\/?page_id=1821&lang=en","title":{"rendered":"Reports of the Companhia Sorocabana (1873-1887)"},"content":{"rendered":"\n<table class=\"wp-block-table\"><tbody><tr><td><strong>Ano<\/strong><\/td><td><strong>Relat\u00f3rio<\/strong><\/td><\/tr><tr><td><a href=\"http:\/\/200.145.60.31\/memoriaferroviaria\/documentos\/COMPANHIA%20SOROCABANA%20DE%20ESTRADA%20DE%20FERRO\/BR_APESP_003REL_CSEF_1873.pdf\" target=\"_blank\" rel=\"noreferrer noopener\">1873<\/a><\/td><td><a href=\"http:\/\/200.145.60.31\/memoriaferroviaria\/documentos\/COMPANHIA%20SOROCABANA%20DE%20ESTRADA%20DE%20FERRO\/BR_APESP_003REL_CSEF_1873.pdf\" target=\"_blank\" rel=\"noreferrer noopener\">Relatorio da Companhia Sorocabana apresentada \u00e0 Assembleia Geral dos Accionistas em sess\u00e3o de 2 de setembro de 1873. Santos: Typografia do Diarios de Santos, 1873<\/a><\/td><\/tr><tr><td><a href=\"http:\/\/200.145.60.31\/memoriaferroviaria\/documentos\/COMPANHIA%20SOROCABANA%20DE%20ESTRADA%20DE%20FERRO\/BR_APESP_003REL_CSEF_1874.pdf\" target=\"_blank\" rel=\"noreferrer noopener\">1874<\/a><\/td><td><a href=\"http:\/\/200.145.60.31\/memoriaferroviaria\/documentos\/COMPANHIA%20SOROCABANA%20DE%20ESTRADA%20DE%20FERRO\/BR_APESP_003REL_CSEF_1874.pdf\" target=\"_blank\" rel=\"noreferrer noopener\">Relatorio da Companhia Sorocabana apresentada \u00e0 Assembleia Geral dos Accionistas em sess\u00e3o de 1 de mar\u00e7o de 1874. S\u00e3o Paulo: Typ. O Correio Paulistano, 1874<\/a><\/td><\/tr><tr><td><a href=\"http:\/\/200.145.60.31\/memoriaferroviaria\/documentos\/COMPANHIA%20SOROCABANA%20DE%20ESTRADA%20DE%20FERRO\/BR_APESP_003REL_CSEF_1875.pdf\" target=\"_blank\" rel=\"noreferrer noopener\">1875<\/a><\/td><td><a href=\"http:\/\/200.145.60.31\/memoriaferroviaria\/documentos\/COMPANHIA%20SOROCABANA%20DE%20ESTRADA%20DE%20FERRO\/BR_APESP_003REL_CSEF_1875.pdf\" target=\"_blank\" rel=\"noreferrer noopener\">Relatorio da Companhia Sorocabana apresentada \u00e0 Assembleia Geral dos Accionistas em sess\u00e3o de 5 de setembro de 1875.<\/a><\/td><\/tr><tr><td><a href=\"http:\/\/200.145.60.31\/memoriaferroviaria\/documentos\/COMPANHIA%20SOROCABANA%20DE%20ESTRADA%20DE%20FERRO\/BR_APESP_003REL_CSEF_1876.pdf\" target=\"_blank\" rel=\"noreferrer noopener\">1876<\/a><\/td><td><a href=\"http:\/\/200.145.60.31\/memoriaferroviaria\/documentos\/COMPANHIA%20SOROCABANA%20DE%20ESTRADA%20DE%20FERRO\/BR_APESP_003REL_CSEF_1876.pdf\" target=\"_blank\" rel=\"noreferrer noopener\">Relatorio da Companhia Sorocabana apresentada \u00e0 Assembleia Geral dos Accionistas em sess\u00e3o de 4 de mar\u00e7o de 1876.<\/a><\/td><\/tr><tr><td><a href=\"http:\/\/200.145.60.31\/memoriaferroviaria\/documentos\/COMPANHIA%20SOROCABANA%20DE%20ESTRADA%20DE%20FERRO\/BR_APESP_003REL_CSEF_1877.pdf\" target=\"_blank\" rel=\"noreferrer noopener\">1877<\/a><\/td><td><a href=\"http:\/\/200.145.60.31\/memoriaferroviaria\/documentos\/COMPANHIA%20SOROCABANA%20DE%20ESTRADA%20DE%20FERRO\/BR_APESP_003REL_CSEF_1877.pdf\" target=\"_blank\" rel=\"noreferrer noopener\">Relatorio da Companhia Sorocabana apresentada \u00e0 Assembleia Geral dos Accionistas em sess\u00e3o de 10 de mar\u00e7o de 1877.<\/a><\/td><\/tr><tr><td><a href=\"http:\/\/200.145.60.31\/memoriaferroviaria\/documentos\/COMPANHIA%20SOROCABANA%20DE%20ESTRADA%20DE%20FERRO\/BR_APESP_003REL_CSEF_1878.pdf\" target=\"_blank\" rel=\"noreferrer noopener\">1878<\/a><\/td><td><a href=\"http:\/\/200.145.60.31\/memoriaferroviaria\/documentos\/COMPANHIA%20SOROCABANA%20DE%20ESTRADA%20DE%20FERRO\/BR_APESP_003REL_CSEF_1878.pdf\" target=\"_blank\" rel=\"noreferrer noopener\">Relatorio da Companhia Sorocabana apresentada \u00e0 Assembleia Geral dos Accionistas em sess\u00e3o de 17 de mar\u00e7o de 1878.<\/a><\/td><\/tr><tr><td><a href=\"http:\/\/200.145.60.31\/memoriaferroviaria\/documentos\/COMPANHIA%20SOROCABANA%20DE%20ESTRADA%20DE%20FERRO\/BR_APESP_003REL_CSEF_1882.pdf\" target=\"_blank\" rel=\"noreferrer noopener\">1882<\/a><\/td><td><a href=\"http:\/\/200.145.60.31\/memoriaferroviaria\/documentos\/COMPANHIA%20SOROCABANA%20DE%20ESTRADA%20DE%20FERRO\/BR_APESP_003REL_CSEF_1882.pdf\" target=\"_blank\" rel=\"noreferrer noopener\">Relatorio da Companhia Sorocabana apresentada \u00e0 Assembleia Geral dos Accionistas em sess\u00e3o de 11 de dezembro de 1882.<\/a><\/td><\/tr><\/tbody><\/table>\n","protected":false},"excerpt":{"rendered":"<p>Ano Relat\u00f3rio 1873 Relatorio da Companhia Sorocabana apresentada \u00e0 Assembleia Geral dos Accionistas em sess\u00e3o de 2 de setembro de 1873. Santos: Typografia do Diarios de Santos, 1873 1874 Relatorio da Companhia Sorocabana apresentada \u00e0 Assembleia Geral dos Accionistas em sess\u00e3o de 1 de mar\u00e7o de 1874. S\u00e3o Paulo: Typ.<a class=\"more-link\" href=\"https:\/\/memoriaferroviaria.assis.unesp.br\/?page_id=1821&#038;lang=en\">Read More &rarr;<\/a><\/p>\n","protected":false},"author":2,"featured_media":0,"parent":1763,"menu_order":0,"comment_status":"closed","ping_status":"closed","template":"","meta":{"_exactmetrics_skip_tracking":false,"_exactmetrics_sitenote_active":false,"_exactmetrics_sitenote_note":"","_exactmetrics_sitenote_category":0,"footnotes":""},"class_list":["entry","page","publish","author-eduardo_romero","post-1821"],"_links":{"self":[{"href":"https:\/\/memoriaferroviaria.assis.unesp.br\/index.php?rest_route=\/wp\/v2\/pages\/1821","targetHints":{"allow":["GET"]}}],"collection":[{"href":"https:\/\/memoriaferroviaria.assis.unesp.br\/index.php?rest_route=\/wp\/v2\/pages"}],"about":[{"href":"https:\/\/memoriaferroviaria.assis.unesp.br\/index.php?rest_route=\/wp\/v2\/types\/page"}],"author":[{"embeddable":true,"href":"https:\/\/memoriaferroviaria.assis.unesp.br\/index.php?rest_route=\/wp\/v2\/users\/2"}],"replies":[{"embeddable":true,"href":"https:\/\/memoriaferroviaria.assis.unesp.br\/index.php?rest_route=%2Fwp%2Fv2%2Fcomments&post=1821"}],"version-history":[{"count":1,"href":"https:\/\/memoriaferroviaria.assis.unesp.br\/index.php?rest_route=\/wp\/v2\/pages\/1821\/revisions"}],"predecessor-version":[{"id":1822,"href":"https:\/\/memoriaferroviaria.assis.unesp.br\/index.php?rest_route=\/wp\/v2\/pages\/1821\/revisions\/1822"}],"up":[{"embeddable":true,"href":"https:\/\/memoriaferroviaria.assis.unesp.br\/index.php?rest_route=\/wp\/v2\/pages\/1763"}],"wp:attachment":[{"href":"https:\/\/memoriaferroviaria.assis.unesp.br\/index.php?rest_route=%2Fwp%2Fv2%2Fmedia&parent=1821"}],"curies":[{"name":"wp","href":"https:\/\/api.w.org\/{rel}","templated":true}]}}