{"id":1829,"date":"2018-12-24T10:30:42","date_gmt":"2018-12-24T12:30:42","guid":{"rendered":"https:\/\/memoriaferroviaria.rosana.unesp.br\/?page_id=1829"},"modified":"2018-12-24T10:31:41","modified_gmt":"2018-12-24T12:31:41","slug":"memorias-de-la","status":"publish","type":"page","link":"https:\/\/memoriaferroviaria.assis.unesp.br\/?page_id=1829&lang=es","title":{"rendered":"Mem\u00f3rias de la Companhia Uni\u00e3o Sorocabana e Ituana (1892-1903)"},"content":{"rendered":"\n<table class=\"wp-block-table\"><tbody><tr><td><strong>Ano<\/strong><\/td><td><strong>Relat\u00f3rio<\/strong><\/td><\/tr><tr><td><a href=\"http:\/\/200.145.60.31\/memoriaferroviaria\/documentos\/COMPANHIA%20SOROCABANA%20ITUANA%20ESTRADA%20DE%20FERRO\/BR_APESP_003REL_CSIEF_1897.pdf\" target=\"_blank\" rel=\"noreferrer noopener\">1897<\/a><\/td><td><a href=\"http:\/\/200.145.60.31\/memoriaferroviaria\/documentos\/COMPANHIA%20SOROCABANA%20ITUANA%20ESTRADA%20DE%20FERRO\/BR_APESP_003REL_CSIEF_1897.pdf\" target=\"_blank\" rel=\"noreferrer noopener\">Relatorio da Directoria da Companhia Uniao Sorocabana e Ituana apresentado \u00e1 Assembleia Geral de Accionistas em Sess\u00e3o de&nbsp; 10 de fevereiro&nbsp; de 1897<\/a><\/td><\/tr><tr><td><a href=\"http:\/\/200.145.60.31\/memoriaferroviaria\/documentos\/COMPANHIA%20SOROCABANA%20ITUANA%20ESTRADA%20DE%20FERRO\/BR_APESP_003REL_CSIEF_1898.pdf\" target=\"_blank\" rel=\"noreferrer noopener\">1898<\/a><\/td><td><a href=\"http:\/\/200.145.60.31\/memoriaferroviaria\/documentos\/COMPANHIA%20SOROCABANA%20ITUANA%20ESTRADA%20DE%20FERRO\/BR_APESP_003REL_CSIEF_1898.pdf\" target=\"_blank\" rel=\"noreferrer noopener\">Relatorio da Directoria da Companhia Uniao Sorocabana e Ituana apresentado \u00e1 Assembleia Geral de Accionistas em Sess\u00e3o de&nbsp; 02 de maio de 1898<\/a><\/td><\/tr><tr><td><a href=\"http:\/\/200.145.60.31\/memoriaferroviaria\/documentos\/COMPANHIA%20SOROCABANA%20ITUANA%20ESTRADA%20DE%20FERRO\/BR_APESP_003REL_CSIEF_1900.pdf\" target=\"_blank\" rel=\"noreferrer noopener\">1900<\/a><\/td><td><a href=\"http:\/\/200.145.60.31\/memoriaferroviaria\/documentos\/COMPANHIA%20SOROCABANA%20ITUANA%20ESTRADA%20DE%20FERRO\/BR_APESP_003REL_CSIEF_1900.pdf\" target=\"_blank\" rel=\"noreferrer noopener\">Relatorio da Directoria da Companhia Uniao Sorocabana Ituana apresentado \u00e1 Assembleia Geral de Accionistas em Sess\u00e3o de&nbsp; 16 de agosto de 1900<\/a><\/td><\/tr><tr><td><a href=\"http:\/\/200.145.60.31\/memoriaferroviaria\/documentos\/COMPANHIA%20SOROCABANA%20ITUANA%20ESTRADA%20DE%20FERRO\/BR_APESP_003REL_CSIEF_1902.pdf\" target=\"_blank\" rel=\"noreferrer noopener\">1902<\/a><\/td><td><a href=\"http:\/\/200.145.60.31\/memoriaferroviaria\/documentos\/COMPANHIA%20SOROCABANA%20ITUANA%20ESTRADA%20DE%20FERRO\/BR_APESP_003REL_CSIEF_1902.pdf\" target=\"_blank\" rel=\"noreferrer noopener\">Relatorio da Directoria da Companhia Uniao Sorocabana Ituana apresentado \u00e1 Assembleia Geral de Accionistas em Sess\u00e3o de&nbsp; 11 de janeiros de 1902<\/a><\/td><\/tr><tr><td><a href=\"http:\/\/200.145.60.31\/memoriaferroviaria\/documentos\/COMPANHIA%20SOROCABANA%20ITUANA%20ESTRADA%20DE%20FERRO\/BR_APESP_003REL_CSIEF_1904.pdf\" target=\"_blank\" rel=\"noreferrer noopener\">1904<\/a><\/td><td><a href=\"http:\/\/200.145.60.31\/memoriaferroviaria\/documentos\/COMPANHIA%20SOROCABANA%20ITUANA%20ESTRADA%20DE%20FERRO\/BR_APESP_003REL_CSIEF_1904.pdf\" target=\"_blank\" rel=\"noreferrer noopener\">Relatorio apresentado pela Superintendencias aos Syndicos da liquida\u00e7\u00e3o for\u00e7ada anno de 1904<\/a><\/td><\/tr><\/tbody><\/table>\n","protected":false},"excerpt":{"rendered":"<p>Ano Relat\u00f3rio 1897 Relatorio da Directoria da Companhia Uniao Sorocabana e Ituana apresentado \u00e1 Assembleia Geral de Accionistas em Sess\u00e3o de&nbsp; 10 de fevereiro&nbsp; de 1897 1898 Relatorio da Directoria da Companhia Uniao Sorocabana e Ituana apresentado \u00e1 Assembleia Geral de Accionistas em Sess\u00e3o de&nbsp; 02 de maio de 1898<a class=\"more-link\" href=\"https:\/\/memoriaferroviaria.assis.unesp.br\/?page_id=1829&#038;lang=es\">Read More &rarr;<\/a><\/p>\n","protected":false},"author":2,"featured_media":0,"parent":1766,"menu_order":0,"comment_status":"closed","ping_status":"closed","template":"","meta":{"_exactmetrics_skip_tracking":false,"_exactmetrics_sitenote_active":false,"_exactmetrics_sitenote_note":"","_exactmetrics_sitenote_category":0,"footnotes":""},"class_list":["entry","page","publish","author-eduardo_romero","post-1829"],"_links":{"self":[{"href":"https:\/\/memoriaferroviaria.assis.unesp.br\/index.php?rest_route=\/wp\/v2\/pages\/1829","targetHints":{"allow":["GET"]}}],"collection":[{"href":"https:\/\/memoriaferroviaria.assis.unesp.br\/index.php?rest_route=\/wp\/v2\/pages"}],"about":[{"href":"https:\/\/memoriaferroviaria.assis.unesp.br\/index.php?rest_route=\/wp\/v2\/types\/page"}],"author":[{"embeddable":true,"href":"https:\/\/memoriaferroviaria.assis.unesp.br\/index.php?rest_route=\/wp\/v2\/users\/2"}],"replies":[{"embeddable":true,"href":"https:\/\/memoriaferroviaria.assis.unesp.br\/index.php?rest_route=%2Fwp%2Fv2%2Fcomments&post=1829"}],"version-history":[{"count":2,"href":"https:\/\/memoriaferroviaria.assis.unesp.br\/index.php?rest_route=\/wp\/v2\/pages\/1829\/revisions"}],"predecessor-version":[{"id":1833,"href":"https:\/\/memoriaferroviaria.assis.unesp.br\/index.php?rest_route=\/wp\/v2\/pages\/1829\/revisions\/1833"}],"up":[{"embeddable":true,"href":"https:\/\/memoriaferroviaria.assis.unesp.br\/index.php?rest_route=\/wp\/v2\/pages\/1766"}],"wp:attachment":[{"href":"https:\/\/memoriaferroviaria.assis.unesp.br\/index.php?rest_route=%2Fwp%2Fv2%2Fmedia&parent=1829"}],"curies":[{"name":"wp","href":"https:\/\/api.w.org\/{rel}","templated":true}]}}