{"id":1840,"date":"2018-12-24T10:35:17","date_gmt":"2018-12-24T12:35:17","guid":{"rendered":"https:\/\/memoriaferroviaria.rosana.unesp.br\/?page_id=1840"},"modified":"2022-10-10T19:27:28","modified_gmt":"2022-10-10T22:27:28","slug":"relatorios-da-estrada-de-ferro-sorocabana-1919-1971","status":"publish","type":"page","link":"https:\/\/memoriaferroviaria.assis.unesp.br\/?page_id=1840","title":{"rendered":"Relat\u00f3rios da Estrada de Ferro Sorocabana (1919-1930)"},"content":{"rendered":"\n<figure class=\"wp-block-table is-style-stripes\"><table><tbody><tr><td><strong>Ano<\/strong><\/td><td><strong>Relat\u00f3rio<\/strong><\/td><\/tr><tr><td><a href=\"http:\/\/200.145.60.31\/memoriaferroviaria\/documentos\/ESTRADA%20DE%20FERRO%20SOROCABANA\/BR_APESP_003REL_EFS_1919.pdf\" target=\"_blank\" rel=\"noreferrer noopener\">1919<\/a><\/td><td><a href=\"https:\/\/memoriaferroviaria.assis.unesp.br\/memoriaferroviaria\/documentos\/ESTRADA%20DE%20FERRO%20SOROCABANA\/BR_APESP_003REL_EFS_1919.pdf\" data-type=\"URL\" target=\"_blank\" rel=\"noreferrer noopener\">Relatorio da Estrada de Ferro Sorocabana referente ao anno de 1919<\/a><\/td><\/tr><tr><td><a href=\"http:\/\/200.145.60.31\/memoriaferroviaria\/documentos\/ESTRADA%20DE%20FERRO%20SOROCABANA\/BR_APESP_003REL_EFS_1920.pdf\" target=\"_blank\" rel=\"noreferrer noopener\">1920<\/a><\/td><td><a href=\"https:\/\/memoriaferroviaria.assis.unesp.br\/memoriaferroviaria\/documentos\/ESTRADA%20DE%20FERRO%20SOROCABANA\/BR_APESP_003REL_EFS_1920.pdf\" target=\"_blank\" rel=\"noreferrer noopener\">Relatorio da Estrada de Ferro Sorocabana referente ao anno de 1920<\/a><\/td><\/tr><tr><td><a href=\"http:\/\/200.145.60.31\/memoriaferroviaria\/documentos\/ESTRADA%20DE%20FERRO%20SOROCABANA\/BR_APESP_003REL_EFS_1921.pdf\" target=\"_blank\" rel=\"noreferrer noopener\">1921<\/a><\/td><td><a href=\"https:\/\/memoriaferroviaria.assis.unesp.br\/memoriaferroviaria\/documentos\/ESTRADA%20DE%20FERRO%20SOROCABANA\/BR_APESP_003REL_EFS_1921.pdf\" target=\"_blank\" rel=\"noreferrer noopener\">Relatorio da Estrada de Ferro Sorocabana e Estrada de Ferro Funilense referente ao anno de 1921<\/a><\/td><\/tr><tr><td><a href=\"http:\/\/200.145.60.31\/memoriaferroviaria\/documentos\/ESTRADA%20DE%20FERRO%20SOROCABANA\/BR_APESP_003REL_EFS_1922.pdf\" target=\"_blank\" rel=\"noreferrer noopener\">1922<\/a><\/td><td><a href=\"https:\/\/memoriaferroviaria.assis.unesp.br\/memoriaferroviaria\/documentos\/ESTRADA%20DE%20FERRO%20SOROCABANA\/BR_APESP_003REL_EFS_1922.pdf\" target=\"_blank\" rel=\"noreferrer noopener\">Relatorio da Estrada de Ferro Sorocabana e Estrada de Ferro Funilense referente ao anno de 1922<\/a><\/td><\/tr><tr><td><a href=\"http:\/\/200.145.60.31\/memoriaferroviaria\/documentos\/ESTRADA%20DE%20FERRO%20SOROCABANA\/BR_APESP_003REL_EFS_1923.pdf\" target=\"_blank\" rel=\"noreferrer noopener\">1923<\/a><\/td><td><a href=\"https:\/\/memoriaferroviaria.assis.unesp.br\/memoriaferroviaria\/documentos\/ESTRADA%20DE%20FERRO%20SOROCABANA\/BR_APESP_003REL_EFS_1923.pdf\" target=\"_blank\" rel=\"noreferrer noopener\">Relatorio da Estrada de Ferro Sorocabana e Estrada de Ferro Funilense referente ao anno de 1923<\/a><\/td><\/tr><tr><td><a href=\"http:\/\/200.145.60.31\/memoriaferroviaria\/documentos\/ESTRADA%20DE%20FERRO%20SOROCABANA\/BR_APESP_003REL_EFS_1924.pdf\" target=\"_blank\" rel=\"noreferrer noopener\">1924<\/a><\/td><td><a href=\"https:\/\/memoriaferroviaria.assis.unesp.br\/memoriaferroviaria\/documentos\/ESTRADA%20DE%20FERRO%20SOROCABANA\/BR_APESP_003REL_EFS_1924.pdf\" target=\"_blank\" rel=\"noreferrer noopener\">Relatorio da Estrada de Ferro Sorocabana e Estrada de Ferro Funilense referente ao anno de 1924<\/a><\/td><\/tr><tr><td><a href=\"http:\/\/200.145.60.31\/memoriaferroviaria\/documentos\/ESTRADA%20DE%20FERRO%20SOROCABANA\/BR_APESP_003REL_EFS_1925.pdf\" target=\"_blank\" rel=\"noreferrer noopener\">1925<\/a><\/td><td><a href=\"https:\/\/memoriaferroviaria.assis.unesp.br\/memoriaferroviaria\/documentos\/ESTRADA%20DE%20FERRO%20SOROCABANA\/BR_APESP_003REL_EFS_1925.pdf\" target=\"_blank\" rel=\"noreferrer noopener\">Relatorio da Estrada de Ferro Sorocabana referente ao anno de 1925<\/a><\/td><\/tr><tr><td><a href=\"http:\/\/200.145.60.31\/memoriaferroviaria\/documentos\/ESTRADA%20DE%20FERRO%20SOROCABANA\/BR_APESP_003REL_EFS_1926.pdf\" target=\"_blank\" rel=\"noreferrer noopener\">1926<\/a><\/td><td><a href=\"https:\/\/memoriaferroviaria.assis.unesp.br\/memoriaferroviaria\/documentos\/ESTRADA%20DE%20FERRO%20SOROCABANA\/BR_APESP_003REL_EFS_1926.pdf\" target=\"_blank\" rel=\"noreferrer noopener\">Relatorio da Estrada de Ferro Sorocabana referente ao anno de 1926<\/a><\/td><\/tr><tr><td><a href=\"http:\/\/200.145.60.31\/memoriaferroviaria\/documentos\/ESTRADA%20DE%20FERRO%20SOROCABANA\/BR_APESP_003REL_EFS_1927.pdf\" target=\"_blank\" rel=\"noreferrer noopener\">1927<\/a><\/td><td><a href=\"https:\/\/memoriaferroviaria.assis.unesp.br\/memoriaferroviaria\/documentos\/ESTRADA%20DE%20FERRO%20SOROCABANA\/BR_APESP_003REL_EFS_1927.pdf\" target=\"_blank\" rel=\"noreferrer noopener\">Relatorio referente ao anno de 1927 apresentado ao Exmo. Snr. Dr. Jos\u00e9 Oliveira de Barros Secretario da Via\u00e7\u00e3o e Obras Publicas pelo Engenheiro Gaspar Ricardo Junior Diretor da Estrada de Ferro Sorocana<\/a><\/td><\/tr><tr><td><a href=\"http:\/\/200.145.60.31\/memoriaferroviaria\/documentos\/ESTRADA%20DE%20FERRO%20SOROCABANA\/BR_APESP_003REL_EFS_1928.pdf\" target=\"_blank\" rel=\"noreferrer noopener\">1928<\/a><\/td><td><a href=\"https:\/\/memoriaferroviaria.assis.unesp.br\/memoriaferroviaria\/documentos\/ESTRADA%20DE%20FERRO%20SOROCABANA\/BR_APESP_003REL_EFS_1928.pdf\" target=\"_blank\" rel=\"noreferrer noopener\">Relatorio referente ao anno de 1928 apresentado ao Exmo. Snr. Dr. Jos\u00e9 Oliveira de Barros Secretario da Via\u00e7\u00e3o e Obras Publicas pelo Engenheiro Gaspar Ricardo Junior Diretor da Estrada de Ferro Sorocana<\/a><\/td><\/tr><tr><td><a href=\"http:\/\/200.145.60.31\/memoriaferroviaria\/documentos\/ESTRADA%20DE%20FERRO%20SOROCABANA\/BR_APESP_003REL_EFS_1930.pdf\" target=\"_blank\" rel=\"noreferrer noopener\">1930<\/a><\/td><td><a href=\"https:\/\/memoriaferroviaria.assis.unesp.br\/memoriaferroviaria\/documentos\/ESTRADA%20DE%20FERRO%20SOROCABANA\/BR_APESP_003REL_EFS_1930.pdf\" target=\"_blank\" rel=\"noreferrer noopener\">Relatorio referente ao anno de 1930 apresentado Secretario da Via\u00e7\u00e3o e Obras Publicas pelo Diretor da Estrada de Ferro Sorocana<\/a><\/td><\/tr><tr><td><a href=\"http:\/\/200.145.60.31\/memoriaferroviaria\/documentos\/ESTRADA%20DE%20FERRO%20SOROCABANA\/BR_APESP_003REL_EFS_1933SEPARATA.pdf\" target=\"_blank\" rel=\"noreferrer noopener\">1934<\/a><\/td><td><a href=\"https:\/\/memoriaferroviaria.assis.unesp.br\/memoriaferroviaria\/documentos\/ESTRADA%20DE%20FERRO%20SOROCABANA\/BR_APESP_003REL_EFS_1933SEPARATA.pdf\" target=\"_blank\" rel=\"noreferrer noopener\">Servi\u00e7o de Ensino e Sele\u00e7\u00e3o Profissional na Estrada de Ferro Sorocabana. Separata dos Relatorios referentes aos anos de 1930 a 1933<\/a><\/td><\/tr><\/tbody><\/table><\/figure>\n","protected":false},"excerpt":{"rendered":"<p>Ano Relat\u00f3rio 1919 Relatorio da Estrada de Ferro Sorocabana referente ao anno de 1919 1920 Relatorio da Estrada de Ferro Sorocabana referente ao anno de 1920 1921 Relatorio da Estrada de Ferro Sorocabana e Estrada de Ferro Funilense referente ao anno de 1921 1922 Relatorio da Estrada de Ferro Sorocabana<a class=\"more-link\" href=\"https:\/\/memoriaferroviaria.assis.unesp.br\/?page_id=1840\">Read More &rarr;<\/a><\/p>\n","protected":false},"author":2,"featured_media":0,"parent":1762,"menu_order":0,"comment_status":"closed","ping_status":"closed","template":"","meta":{"_exactmetrics_skip_tracking":false,"_exactmetrics_sitenote_active":false,"_exactmetrics_sitenote_note":"","_exactmetrics_sitenote_category":0,"footnotes":""},"class_list":["entry","page","publish","author-eduardo_romero","post-1840"],"_links":{"self":[{"href":"https:\/\/memoriaferroviaria.assis.unesp.br\/index.php?rest_route=\/wp\/v2\/pages\/1840","targetHints":{"allow":["GET"]}}],"collection":[{"href":"https:\/\/memoriaferroviaria.assis.unesp.br\/index.php?rest_route=\/wp\/v2\/pages"}],"about":[{"href":"https:\/\/memoriaferroviaria.assis.unesp.br\/index.php?rest_route=\/wp\/v2\/types\/page"}],"author":[{"embeddable":true,"href":"https:\/\/memoriaferroviaria.assis.unesp.br\/index.php?rest_route=\/wp\/v2\/users\/2"}],"replies":[{"embeddable":true,"href":"https:\/\/memoriaferroviaria.assis.unesp.br\/index.php?rest_route=%2Fwp%2Fv2%2Fcomments&post=1840"}],"version-history":[{"count":4,"href":"https:\/\/memoriaferroviaria.assis.unesp.br\/index.php?rest_route=\/wp\/v2\/pages\/1840\/revisions"}],"predecessor-version":[{"id":4239,"href":"https:\/\/memoriaferroviaria.assis.unesp.br\/index.php?rest_route=\/wp\/v2\/pages\/1840\/revisions\/4239"}],"up":[{"embeddable":true,"href":"https:\/\/memoriaferroviaria.assis.unesp.br\/index.php?rest_route=\/wp\/v2\/pages\/1762"}],"wp:attachment":[{"href":"https:\/\/memoriaferroviaria.assis.unesp.br\/index.php?rest_route=%2Fwp%2Fv2%2Fmedia&parent=1840"}],"curies":[{"name":"wp","href":"https:\/\/api.w.org\/{rel}","templated":true}]}}