{"id":2417,"date":"2019-07-25T22:13:02","date_gmt":"2019-07-26T01:13:02","guid":{"rendered":"https:\/\/memoriaferroviaria.rosana.unesp.br\/?page_id=2417"},"modified":"2020-01-17T10:36:38","modified_gmt":"2020-01-17T13:36:38","slug":"tematicas-3","status":"publish","type":"page","link":"https:\/\/memoriaferroviaria.assis.unesp.br\/?page_id=2417","title":{"rendered":"Tem\u00e1ticas"},"content":{"rendered":"\n<p class=\"has-medium-font-size\"><em>Tem\u00e1ticas do <\/em><strong><em>V Congresso Internacional de Hist\u00f3ria e Patrim\u00f4nio Ferrovi\u00e1rio \u201cOs legados para nosso futuro\u201d,<\/em><\/strong> <em>direcionadas a pesquisadores e profissionais: <\/em><\/p>\n\n\n\n<p><strong>Tem\u00e1ticas 01:&nbsp;<\/strong>Educa\u00e7\u00e3o e ferrovia: oportunidades de est\u00edmulo ao aprendizado por meio dos bens industriais ferrovi\u00e1rios na Am\u00e9rica Latina<\/p>\n\n\n\n<p><strong>Tem\u00e1tica 02<\/strong>: Museus e ferrovias: a cultura do transporte como desafio \u00e0 preserva\u00e7\u00e3o e comunica\u00e7\u00e3o arquitet\u00f4nica e museol\u00f3gica<\/p>\n\n\n\n<p><strong>Tem\u00e1tica 03<\/strong>: A gest\u00e3o da heran\u00e7a ferrovi\u00e1ria no territ\u00f3rio (moradias, vias f\u00e9rreas e obras de arte): instrumentos e modelos de preserva\u00e7\u00e3o envolvendo entidades civis p\u00fablicas e privadas<\/p>\n\n\n\n<p><\/p>\n\n\n\n<p class=\"has-medium-font-size\"><em>Tem\u00e1ticas da&nbsp;<\/em><strong><em>IV Jornada de Jovens Pesquisadores em Hist\u00f3ria e Patrim\u00f4nio Ferrovi\u00e1rio,<\/em><\/strong> <em>voltadas para graduandos, p\u00f3s-graduandos ou rec\u00e9m-doutores:<\/em><\/p>\n\n\n\n<p><strong>Tem\u00e1tica 04<\/strong>: Novos instrumentos metodol\u00f3gicos e\/ou enfoques te\u00f3ricos para identifica\u00e7\u00e3o de vest\u00edgios materiais e da mem\u00f3ria ferrovi\u00e1ria<\/p>\n\n\n\n<p><strong>Tem\u00e1tica 05:&nbsp;<\/strong>Novas fontes documentais ou materiais para estudo o patrim\u00f4nio urbano e da mem\u00f3ria do trabalho ferrovi\u00e1rio<\/p>\n\n\n\n<p><strong>Tem\u00e1tica 06<\/strong>:&nbsp; Estudos multidisciplinares sobre patrim\u00f4nio ferrovi\u00e1rio<\/p>\n\n\n\n<p><strong>Tem\u00e1tica 07<\/strong>: Estudos locais e an\u00e1lises transversais sobre a hist\u00f3ria, a arquitetura e os contextos urbanos do patrim\u00f4nio ferrovi\u00e1rio<\/p>\n\n\n\n<div class=\"wp-block-image\"><figure class=\"aligncenter\"><img fetchpriority=\"high\" decoding=\"async\" width=\"943\" height=\"96\" src=\"https:\/\/memoriaferroviaria.rosana.unesp.br\/wp-content\/uploads\/2020\/01\/Bottom-pt-final-1.png\" alt=\"\" class=\"wp-image-2963\" srcset=\"https:\/\/memoriaferroviaria.assis.unesp.br\/wp-content\/uploads\/2020\/01\/Bottom-pt-final-1.png 943w, https:\/\/memoriaferroviaria.assis.unesp.br\/wp-content\/uploads\/2020\/01\/Bottom-pt-final-1-300x31.png 300w, https:\/\/memoriaferroviaria.assis.unesp.br\/wp-content\/uploads\/2020\/01\/Bottom-pt-final-1-768x78.png 768w, https:\/\/memoriaferroviaria.assis.unesp.br\/wp-content\/uploads\/2020\/01\/Bottom-pt-final-1-425x43.png 425w\" sizes=\"(max-width: 943px) 100vw, 943px\" \/><\/figure><\/div>\n","protected":false},"excerpt":{"rendered":"<p>Tem\u00e1ticas do V Congresso Internacional de Hist\u00f3ria e Patrim\u00f4nio Ferrovi\u00e1rio \u201cOs legados para nosso futuro\u201d, direcionadas a pesquisadores e profissionais: Tem\u00e1ticas 01:&nbsp;Educa\u00e7\u00e3o e ferrovia: oportunidades de est\u00edmulo ao aprendizado por meio dos bens industriais ferrovi\u00e1rios na Am\u00e9rica Latina Tem\u00e1tica 02: Museus e ferrovias: a cultura do transporte como desafio \u00e0<a class=\"more-link\" href=\"https:\/\/memoriaferroviaria.assis.unesp.br\/?page_id=2417\">Read More &rarr;<\/a><\/p>\n","protected":false},"author":2,"featured_media":2542,"parent":0,"menu_order":0,"comment_status":"closed","ping_status":"closed","template":"","meta":{"_exactmetrics_skip_tracking":false,"_exactmetrics_sitenote_active":false,"_exactmetrics_sitenote_note":"","_exactmetrics_sitenote_category":0,"footnotes":""},"class_list":{"0":"entry","1":"page","2":"publish","3":"author-eduardo_romero","4":"post-2417","6":"has-post-thumbnail"},"_links":{"self":[{"href":"https:\/\/memoriaferroviaria.assis.unesp.br\/index.php?rest_route=\/wp\/v2\/pages\/2417","targetHints":{"allow":["GET"]}}],"collection":[{"href":"https:\/\/memoriaferroviaria.assis.unesp.br\/index.php?rest_route=\/wp\/v2\/pages"}],"about":[{"href":"https:\/\/memoriaferroviaria.assis.unesp.br\/index.php?rest_route=\/wp\/v2\/types\/page"}],"author":[{"embeddable":true,"href":"https:\/\/memoriaferroviaria.assis.unesp.br\/index.php?rest_route=\/wp\/v2\/users\/2"}],"replies":[{"embeddable":true,"href":"https:\/\/memoriaferroviaria.assis.unesp.br\/index.php?rest_route=%2Fwp%2Fv2%2Fcomments&post=2417"}],"version-history":[{"count":10,"href":"https:\/\/memoriaferroviaria.assis.unesp.br\/index.php?rest_route=\/wp\/v2\/pages\/2417\/revisions"}],"predecessor-version":[{"id":2973,"href":"https:\/\/memoriaferroviaria.assis.unesp.br\/index.php?rest_route=\/wp\/v2\/pages\/2417\/revisions\/2973"}],"wp:featuredmedia":[{"embeddable":true,"href":"https:\/\/memoriaferroviaria.assis.unesp.br\/index.php?rest_route=\/wp\/v2\/media\/2542"}],"wp:attachment":[{"href":"https:\/\/memoriaferroviaria.assis.unesp.br\/index.php?rest_route=%2Fwp%2Fv2%2Fmedia&parent=2417"}],"curies":[{"name":"wp","href":"https:\/\/api.w.org\/{rel}","templated":true}]}}