{"id":2937,"date":"2020-01-15T11:30:17","date_gmt":"2020-01-15T14:30:17","guid":{"rendered":"https:\/\/memoriaferroviaria.rosana.unesp.br\/?page_id=2937"},"modified":"2020-02-07T10:50:09","modified_gmt":"2020-02-07T13:50:09","slug":"localizacao","status":"publish","type":"page","link":"https:\/\/memoriaferroviaria.assis.unesp.br\/?page_id=2937","title":{"rendered":"Localiza\u00e7\u00e3o"},"content":{"rendered":"\n<h3 class=\"wp-block-heading\"><strong>V Congresso Internacional de Hist\u00f3ria e Patrim\u00f4nio Ferrovi\u00e1rio<\/strong><\/h3>\n\n\n\n<h4 class=\"wp-block-heading\">IV Jornada de Jovens Pesquisadores em Hist\u00f3ria e Patrim\u00f4nio Ferrovi\u00e1rio<\/h4>\n\n\n\n<p>Pontif\u00edcia Universidade Cat\u00f3lica de Campinas &#8211; Campus I<\/p>\n\n\n\n<p>Rua Professor Doutor Euryclides de Jesus Zerbini, 1516<br>Parque Rural Fazenda Santa C\u00e2ndida, Campinas \u2013 SP \/ CEP: 13087-57 &#8211; entrada pelo Port\u00e3o 3.<\/p>\n\n\n\n<p>Abertura do evento na sala <strong>900 \u2013 Pr\u00e9dio H02<\/strong><\/p>\n\n\n\n<figure class=\"wp-block-image size-large\"><img fetchpriority=\"high\" decoding=\"async\" width=\"724\" height=\"1024\" src=\"https:\/\/memoriaferroviaria.rosana.unesp.br\/wp-content\/uploads\/2020\/02\/Mapa-Localiza\u00e7\u00e3o-PT-1-724x1024.jpg\" alt=\"\" class=\"wp-image-3023\" srcset=\"https:\/\/memoriaferroviaria.assis.unesp.br\/wp-content\/uploads\/2020\/02\/Mapa-Localiza\u00e7\u00e3o-PT-1-724x1024.jpg 724w, https:\/\/memoriaferroviaria.assis.unesp.br\/wp-content\/uploads\/2020\/02\/Mapa-Localiza\u00e7\u00e3o-PT-1-212x300.jpg 212w, https:\/\/memoriaferroviaria.assis.unesp.br\/wp-content\/uploads\/2020\/02\/Mapa-Localiza\u00e7\u00e3o-PT-1-768x1086.jpg 768w, https:\/\/memoriaferroviaria.assis.unesp.br\/wp-content\/uploads\/2020\/02\/Mapa-Localiza\u00e7\u00e3o-PT-1-1087x1536.jpg 1087w, https:\/\/memoriaferroviaria.assis.unesp.br\/wp-content\/uploads\/2020\/02\/Mapa-Localiza\u00e7\u00e3o-PT-1-389x550.jpg 389w, https:\/\/memoriaferroviaria.assis.unesp.br\/wp-content\/uploads\/2020\/02\/Mapa-Localiza\u00e7\u00e3o-PT-1.jpg 1240w\" sizes=\"(max-width: 724px) 100vw, 724px\" \/><\/figure>\n","protected":false},"excerpt":{"rendered":"<p>V Congresso Internacional de Hist\u00f3ria e Patrim\u00f4nio Ferrovi\u00e1rio IV Jornada de Jovens Pesquisadores em Hist\u00f3ria e Patrim\u00f4nio Ferrovi\u00e1rio Pontif\u00edcia Universidade Cat\u00f3lica de Campinas &#8211; Campus I Rua Professor Doutor Euryclides de Jesus Zerbini, 1516Parque Rural Fazenda Santa C\u00e2ndida, Campinas \u2013 SP \/ CEP: 13087-57 &#8211; entrada pelo Port\u00e3o 3. Abertura<a class=\"more-link\" href=\"https:\/\/memoriaferroviaria.assis.unesp.br\/?page_id=2937\">Read More &rarr;<\/a><\/p>\n","protected":false},"author":2,"featured_media":0,"parent":0,"menu_order":0,"comment_status":"closed","ping_status":"closed","template":"","meta":{"_exactmetrics_skip_tracking":false,"_exactmetrics_sitenote_active":false,"_exactmetrics_sitenote_note":"","_exactmetrics_sitenote_category":0,"footnotes":""},"class_list":["entry","page","publish","author-eduardo_romero","post-2937"],"_links":{"self":[{"href":"https:\/\/memoriaferroviaria.assis.unesp.br\/index.php?rest_route=\/wp\/v2\/pages\/2937","targetHints":{"allow":["GET"]}}],"collection":[{"href":"https:\/\/memoriaferroviaria.assis.unesp.br\/index.php?rest_route=\/wp\/v2\/pages"}],"about":[{"href":"https:\/\/memoriaferroviaria.assis.unesp.br\/index.php?rest_route=\/wp\/v2\/types\/page"}],"author":[{"embeddable":true,"href":"https:\/\/memoriaferroviaria.assis.unesp.br\/index.php?rest_route=\/wp\/v2\/users\/2"}],"replies":[{"embeddable":true,"href":"https:\/\/memoriaferroviaria.assis.unesp.br\/index.php?rest_route=%2Fwp%2Fv2%2Fcomments&post=2937"}],"version-history":[{"count":2,"href":"https:\/\/memoriaferroviaria.assis.unesp.br\/index.php?rest_route=\/wp\/v2\/pages\/2937\/revisions"}],"predecessor-version":[{"id":3024,"href":"https:\/\/memoriaferroviaria.assis.unesp.br\/index.php?rest_route=\/wp\/v2\/pages\/2937\/revisions\/3024"}],"wp:attachment":[{"href":"https:\/\/memoriaferroviaria.assis.unesp.br\/index.php?rest_route=%2Fwp%2Fv2%2Fmedia&parent=2937"}],"curies":[{"name":"wp","href":"https:\/\/api.w.org\/{rel}","templated":true}]}}