{"id":4573,"date":"2025-02-22T16:43:52","date_gmt":"2025-02-22T19:43:52","guid":{"rendered":"http:\/\/200.145.161.16\/?page_id=4573"},"modified":"2025-02-22T17:19:19","modified_gmt":"2025-02-22T20:19:19","slug":"cursos-e-oficinas","status":"publish","type":"page","link":"https:\/\/memoriaferroviaria.assis.unesp.br\/?page_id=4573","title":{"rendered":"Cursos e Oficinas"},"content":{"rendered":"\n<div class=\"wp-block-group\"><div class=\"wp-block-group__inner-container is-layout-flow wp-block-group-is-layout-flow\">\n<figure class=\"wp-block-embed aligncenter is-type-wp-embed is-provider-projeto-memoria-ferroviaria wp-block-embed-projeto-memoria-ferroviaria\"><div class=\"wp-block-embed__wrapper\">\n<blockquote class=\"wp-embedded-content\" data-secret=\"m4vNQNvi9S\"><a href=\"https:\/\/memoriaferroviaria.assis.unesp.br\/?p=4564\">OFICINA DE ARQUEOLOGIA<\/a><\/blockquote><iframe class=\"wp-embedded-content\" sandbox=\"allow-scripts\" security=\"restricted\" style=\"position: absolute; clip: rect(1px, 1px, 1px, 1px);\" title=\"&#8220;OFICINA DE ARQUEOLOGIA&#8221; &#8212; Projeto Mem\u00f3ria Ferrovi\u00e1ria\" src=\"https:\/\/memoriaferroviaria.assis.unesp.br\/?p=4564&#038;embed=true#?secret=jznOTD3L7n#?secret=m4vNQNvi9S\" data-secret=\"m4vNQNvi9S\" width=\"600\" height=\"338\" frameborder=\"0\" marginwidth=\"0\" marginheight=\"0\" scrolling=\"no\"><\/iframe>\n<\/div><\/figure>\n<\/div><\/div>\n\n\n\n<figure class=\"wp-block-embed aligncenter is-type-wp-embed is-provider-projeto-memoria-ferroviaria wp-block-embed-projeto-memoria-ferroviaria\"><div class=\"wp-block-embed__wrapper\">\n<blockquote class=\"wp-embedded-content\" data-secret=\"0tBMvhtK7c\"><a href=\"https:\/\/memoriaferroviaria.assis.unesp.br\/?p=4526\">II Jornadas pelo Patrim\u00f4nio Industrial<\/a><\/blockquote><iframe class=\"wp-embedded-content\" sandbox=\"allow-scripts\" security=\"restricted\" style=\"position: absolute; clip: rect(1px, 1px, 1px, 1px);\" title=\"&#8220;II Jornadas pelo Patrim\u00f4nio Industrial&#8221; &#8212; Projeto Mem\u00f3ria Ferrovi\u00e1ria\" src=\"https:\/\/memoriaferroviaria.assis.unesp.br\/?p=4526&#038;embed=true#?secret=qTXC6asTTC#?secret=0tBMvhtK7c\" data-secret=\"0tBMvhtK7c\" width=\"600\" height=\"338\" frameborder=\"0\" marginwidth=\"0\" marginheight=\"0\" scrolling=\"no\"><\/iframe>\n<\/div><\/figure>\n\n\n\n<figure class=\"wp-block-embed aligncenter is-type-wp-embed is-provider-projeto-memoria-ferroviaria wp-block-embed-projeto-memoria-ferroviaria\"><div class=\"wp-block-embed__wrapper\">\n<blockquote class=\"wp-embedded-content\" data-secret=\"HoLNu5OuuT\"><a href=\"https:\/\/memoriaferroviaria.assis.unesp.br\/?p=4370\">Jornadas no Patrim\u00f4nio Industrial<\/a><\/blockquote><iframe class=\"wp-embedded-content\" sandbox=\"allow-scripts\" security=\"restricted\" style=\"position: absolute; clip: rect(1px, 1px, 1px, 1px);\" title=\"&#8220;Jornadas no Patrim\u00f4nio Industrial&#8221; &#8212; Projeto Mem\u00f3ria Ferrovi\u00e1ria\" src=\"https:\/\/memoriaferroviaria.assis.unesp.br\/?p=4370&#038;embed=true#?secret=5a2anuOUKY#?secret=HoLNu5OuuT\" data-secret=\"HoLNu5OuuT\" width=\"600\" height=\"338\" frameborder=\"0\" marginwidth=\"0\" marginheight=\"0\" scrolling=\"no\"><\/iframe>\n<\/div><\/figure>\n","protected":false},"excerpt":{"rendered":"<p><a class=\"more-link\" href=\"https:\/\/memoriaferroviaria.assis.unesp.br\/?page_id=4573\">Read More &rarr;<\/a><\/p>\n","protected":false},"author":9,"featured_media":0,"parent":55,"menu_order":0,"comment_status":"closed","ping_status":"closed","template":"","meta":{"_exactmetrics_skip_tracking":false,"_exactmetrics_sitenote_active":false,"_exactmetrics_sitenote_note":"","_exactmetrics_sitenote_category":0,"footnotes":""},"class_list":["entry","page","publish","author-leticia_carneiro","post-4573"],"_links":{"self":[{"href":"https:\/\/memoriaferroviaria.assis.unesp.br\/index.php?rest_route=\/wp\/v2\/pages\/4573","targetHints":{"allow":["GET"]}}],"collection":[{"href":"https:\/\/memoriaferroviaria.assis.unesp.br\/index.php?rest_route=\/wp\/v2\/pages"}],"about":[{"href":"https:\/\/memoriaferroviaria.assis.unesp.br\/index.php?rest_route=\/wp\/v2\/types\/page"}],"author":[{"embeddable":true,"href":"https:\/\/memoriaferroviaria.assis.unesp.br\/index.php?rest_route=\/wp\/v2\/users\/9"}],"replies":[{"embeddable":true,"href":"https:\/\/memoriaferroviaria.assis.unesp.br\/index.php?rest_route=%2Fwp%2Fv2%2Fcomments&post=4573"}],"version-history":[{"count":2,"href":"https:\/\/memoriaferroviaria.assis.unesp.br\/index.php?rest_route=\/wp\/v2\/pages\/4573\/revisions"}],"predecessor-version":[{"id":4590,"href":"https:\/\/memoriaferroviaria.assis.unesp.br\/index.php?rest_route=\/wp\/v2\/pages\/4573\/revisions\/4590"}],"up":[{"embeddable":true,"href":"https:\/\/memoriaferroviaria.assis.unesp.br\/index.php?rest_route=\/wp\/v2\/pages\/55"}],"wp:attachment":[{"href":"https:\/\/memoriaferroviaria.assis.unesp.br\/index.php?rest_route=%2Fwp%2Fv2%2Fmedia&parent=4573"}],"curies":[{"name":"wp","href":"https:\/\/api.w.org\/{rel}","templated":true}]}}