{"id":49,"date":"2018-12-22T11:32:47","date_gmt":"2018-12-22T13:32:47","guid":{"rendered":"https:\/\/memoriaferroviaria.rosana.unesp.br\/?page_id=49"},"modified":"2024-07-18T10:50:10","modified_gmt":"2024-07-18T13:50:10","slug":"biblioteca-tematica","status":"publish","type":"page","link":"https:\/\/memoriaferroviaria.assis.unesp.br\/?page_id=49","title":{"rendered":"Biblioteca Tem\u00e1tica"},"content":{"rendered":"\n<p>A <a rel=\"noreferrer noopener\" href=\"https:\/\/www.zotero.org\/groups\/2133326\/biblioteca_memoria_ferroviaria\/items\" target=\"_blank\">Biblioteca Tem\u00e1tica Mem\u00f3ria Ferrovi\u00e1ria<\/a> \u00e9 uma iniciativa da equipe MF a fim de reunir e compartilhar estudos e documentos sobre a hist\u00f3ria das ferrovias em S\u00e3o Paulo e de sua preserva\u00e7\u00e3o. Desenvolvida na plataforma Zotero, software livre de gest\u00e3o e compartilhamento de refer\u00eancias eletr\u00f4nicas, \u00e9 poss\u00edvel acessar a biblioteca de forma gratuita e sem cadastros.<\/p>\n\n\n\n<p>H\u00e1 v\u00e1rios anos a equipe do projeto Mem\u00f3ria Ferrovi\u00e1ria est\u00e1 identificando material documental e bibliogr\u00e1fico sobre patrim\u00f4nio ferrovi\u00e1rio, em particular referente ao estado de S\u00e3o Paulo. O montante \u00e9 de mais de 21 mil itens (documenta\u00e7\u00e3o textual, cartogr\u00e1fica ou bibliogr\u00e1fica). Desse total, a produ\u00e7\u00e3o cient\u00edfica atual brasileira (livros, teses, disserta\u00e7\u00e3o e artigos) sobre patrim\u00f4nio ou hist\u00f3ria ferrovi\u00e1ria no Brasil soma mais de 1,2 mil t\u00edtulos. Esse montante demostra a relev\u00e2ncia atual destes temas.<\/p>\n\n\n\n<p>A cria\u00e7\u00e3o e manuten\u00e7\u00e3o deste Portal \u00e9 a iniciativa  do grupo de pesquisa Mem\u00f3ria Ferrovi\u00e1ria\/UNESP em concord\u00e2ncia \u00e0s estrat\u00e9gias de gest\u00e3o de dados estimuladas pela UNESP e a FAPESP \u2013 que est\u00e3o inseridas nas pol\u00edticas de dados abertos atualmente exigidas das institui\u00e7\u00f5es de pesquisa brasileiras. Espera-se que todas estas informa\u00e7\u00f5es produzidas pela nossa equipe prestem-se n\u00e3o apenas para demonstrar as vantagens do ac\u00famulo sistem\u00e1tico de conhecimento por meio de pesquisa colaborativa, mas tamb\u00e9m para subsidiar outras pesquisas acad\u00eamicas sobre hist\u00f3ria do transporte em S\u00e3o Paulo e estudos em gest\u00e3o patrimonial.&nbsp;<\/p>\n\n\n<p>Voc\u00ea pode acessar a biblioteca MF atrav\u00e9s deste <a href=\"https:\/\/www.zotero.org\/groups\/2133326\/biblioteca_memoria_ferroviaria\/items\" target=\"_blank\" rel=\"noopener noreferrer\">link.<\/a><\/p>","protected":false},"excerpt":{"rendered":"<p>A Biblioteca Tem\u00e1tica Mem\u00f3ria Ferrovi\u00e1ria \u00e9 uma iniciativa da equipe MF a fim de reunir e compartilhar estudos e documentos sobre a hist\u00f3ria das ferrovias em S\u00e3o Paulo e de sua preserva\u00e7\u00e3o. Desenvolvida na plataforma Zotero, software livre de gest\u00e3o e compartilhamento de refer\u00eancias eletr\u00f4nicas, \u00e9 poss\u00edvel acessar a biblioteca<a class=\"more-link\" href=\"https:\/\/memoriaferroviaria.assis.unesp.br\/?page_id=49\">Read More &rarr;<\/a><\/p>\n","protected":false},"author":2,"featured_media":1610,"parent":0,"menu_order":0,"comment_status":"closed","ping_status":"closed","template":"","meta":{"_exactmetrics_skip_tracking":false,"_exactmetrics_sitenote_active":false,"_exactmetrics_sitenote_note":"","_exactmetrics_sitenote_category":0,"footnotes":""},"class_list":{"0":"entry","1":"page","2":"publish","3":"author-eduardo_romero","4":"post-49","6":"has-post-thumbnail"},"_links":{"self":[{"href":"https:\/\/memoriaferroviaria.assis.unesp.br\/index.php?rest_route=\/wp\/v2\/pages\/49","targetHints":{"allow":["GET"]}}],"collection":[{"href":"https:\/\/memoriaferroviaria.assis.unesp.br\/index.php?rest_route=\/wp\/v2\/pages"}],"about":[{"href":"https:\/\/memoriaferroviaria.assis.unesp.br\/index.php?rest_route=\/wp\/v2\/types\/page"}],"author":[{"embeddable":true,"href":"https:\/\/memoriaferroviaria.assis.unesp.br\/index.php?rest_route=\/wp\/v2\/users\/2"}],"replies":[{"embeddable":true,"href":"https:\/\/memoriaferroviaria.assis.unesp.br\/index.php?rest_route=%2Fwp%2Fv2%2Fcomments&post=49"}],"version-history":[{"count":9,"href":"https:\/\/memoriaferroviaria.assis.unesp.br\/index.php?rest_route=\/wp\/v2\/pages\/49\/revisions"}],"predecessor-version":[{"id":4330,"href":"https:\/\/memoriaferroviaria.assis.unesp.br\/index.php?rest_route=\/wp\/v2\/pages\/49\/revisions\/4330"}],"wp:featuredmedia":[{"embeddable":true,"href":"https:\/\/memoriaferroviaria.assis.unesp.br\/index.php?rest_route=\/wp\/v2\/media\/1610"}],"wp:attachment":[{"href":"https:\/\/memoriaferroviaria.assis.unesp.br\/index.php?rest_route=%2Fwp%2Fv2%2Fmedia&parent=49"}],"curies":[{"name":"wp","href":"https:\/\/api.w.org\/{rel}","templated":true}]}}